{"id":28155,"date":"2023-11-27T20:58:00","date_gmt":"2023-11-27T18:58:00","guid":{"rendered":"https:\/\/colegiosuizomadrid.com\/canal-de-denuncias\/"},"modified":"2023-11-29T09:58:13","modified_gmt":"2023-11-29T07:58:13","slug":"canal-de-denuncias","status":"publish","type":"page","link":"https:\/\/colegiosuizomadrid.com\/de\/canal-de-denuncias\/","title":{"rendered":"HINWEISGEBERSYSTEM"},"content":{"rendered":"\t\t<div data-elementor-type=\"wp-page\" data-elementor-id=\"28155\" class=\"elementor elementor-28155 elementor-28134\" data-elementor-post-type=\"page\">\n\t\t\t\t\t\t<section class=\"elementor-section elementor-top-section elementor-element elementor-element-f6de2cb elementor-section-height-min-height elementor-section-boxed elementor-section-height-default elementor-section-items-middle\" data-id=\"f6de2cb\" data-element_type=\"section\" data-e-type=\"section\" data-settings=\"{&quot;background_background&quot;:&quot;classic&quot;}\">\n\t\t\t\t\t\t<div class=\"elementor-container elementor-column-gap-default\">\n\t\t\t\t\t<div class=\"elementor-column elementor-col-50 elementor-top-column elementor-element elementor-element-ea3ad75\" data-id=\"ea3ad75\" data-element_type=\"column\" data-e-type=\"column\">\n\t\t\t<div class=\"elementor-widget-wrap elementor-element-populated\">\n\t\t\t\t\t\t<div class=\"elementor-element elementor-element-11c9361 elementor-hidden-desktop elementor-hidden-tablet elementor-hidden-mobile elementor-widget elementor-widget-heading\" data-id=\"11c9361\" data-element_type=\"widget\" data-e-type=\"widget\" data-widget_type=\"heading.default\">\n\t\t\t\t<div class=\"elementor-widget-container\">\n\t\t\t\t\t<h2 class=\"elementor-heading-title elementor-size-default\">CANAL DE<\/h2>\t\t\t\t<\/div>\n\t\t\t\t<\/div>\n\t\t\t\t<div class=\"elementor-element elementor-element-a78eaab elementor-widget elementor-widget-heading\" data-id=\"a78eaab\" data-element_type=\"widget\" data-e-type=\"widget\" data-widget_type=\"heading.default\">\n\t\t\t\t<div class=\"elementor-widget-container\">\n\t\t\t\t\t<h2 class=\"elementor-heading-title elementor-size-default\">HINWEISGEBERSYSTEM<\/h2>\t\t\t\t<\/div>\n\t\t\t\t<\/div>\n\t\t\t\t\t<\/div>\n\t\t<\/div>\n\t\t\t\t<div class=\"elementor-column elementor-col-50 elementor-top-column elementor-element elementor-element-06018d6\" data-id=\"06018d6\" data-element_type=\"column\" data-e-type=\"column\">\n\t\t\t<div class=\"elementor-widget-wrap\">\n\t\t\t\t\t\t\t<\/div>\n\t\t<\/div>\n\t\t\t\t\t<\/div>\n\t\t<\/section>\n\t\t\t\t<section class=\"elementor-section elementor-top-section elementor-element elementor-element-95a2339 elementor-section-boxed elementor-section-height-default elementor-section-height-default\" data-id=\"95a2339\" data-element_type=\"section\" data-e-type=\"section\">\n\t\t\t\t\t\t<div class=\"elementor-container elementor-column-gap-default\">\n\t\t\t\t\t<div class=\"elementor-column elementor-col-100 elementor-top-column elementor-element elementor-element-0b11547\" data-id=\"0b11547\" data-element_type=\"column\" data-e-type=\"column\">\n\t\t\t<div class=\"elementor-widget-wrap elementor-element-populated\">\n\t\t\t\t\t\t<div class=\"elementor-element elementor-element-d5dd061 elementor-widget elementor-widget-text-editor\" data-id=\"d5dd061\" data-element_type=\"widget\" data-e-type=\"widget\" data-widget_type=\"text-editor.default\">\n\t\t\t\t<div class=\"elementor-widget-container\">\n\t\t\t\t\t\t\t\t\t<p>Infolge der Umsetzung der europ\u00e4ischen Richtlinie 2019\/1937 und des Gesetzes 2\/2023 vom 20. Februar \u00fcber den Schutz von Personen, die Verst\u00f6\u00dfe gegen Rechtsvorschriften melden, sowie zur Korruptionsbek\u00e4mpfung, hat die <strong>SCHWEIZER SCHULE MADRID<\/strong> ein Hinweisgebersystem eingerichtet, das von einem externen Sachverst\u00e4ndigen verwaltet wird und alle Garantien und Anforderungen an die Kontrolle, die Verwaltung, die Registrierung und den Schutz der Betroffenen enth\u00e4lt, die der Rechtsrahmen f\u00fcr diese Art von Kanal vorsieht.<\/p><p>Der Zweck dieses Kanals besteht darin, dass jede Person unethisches Verhalten oder Handlungen melden kann; Handlungen, die gegen die f\u00fcr uns geltenden Gesetze und Vorschriften versto\u00dfen und\/oder Verst\u00f6\u00dfe gegen die Kodizes, Protokolle und internen Verfahren. Ebenso kann jede Person, die mit uns in Verbindung steht, jedes Verhalten, das gegen unsere Verpflichtung zu ethischem und verantwortungsvollem Verhalten oder gegen den f\u00fcr uns geltenden Rechtsrahmen verst\u00f6\u00dft, melden.<\/p><p>Die Kommunikation und Nutzung des Kanals f\u00fcr ethische Kommunikation und Whistleblowing zu den oben beschriebenen Zwecken kann \u00fcber den folgenden Link erfolgen: <a href=\"https:\/\/corporate-line.com\/cnormativo-colegio-suizo\">https:\/\/corporate-line.com\/cnormativo-colegio-suizo<\/a>\u00a0<\/p><p>Dieser Kanal ist kein System zur Entgegennahme von Beschwerden oder Vorschl\u00e4gen. Wenden Sie sich dazu bitte an <a href=\"mailto:info@colegiosuizomadrid.com\">info@colegiosuizomadrid.com<\/a><\/p>\t\t\t\t\t\t\t\t<\/div>\n\t\t\t\t<\/div>\n\t\t\t\t\t<\/div>\n\t\t<\/div>\n\t\t\t\t\t<\/div>\n\t\t<\/section>\n\t\t\t\t<\/div>\n\t\t","protected":false},"excerpt":{"rendered":"<p>CANAL DE HINWEISGEBERSYSTEM Infolge der Umsetzung der europ\u00e4ischen Richtlinie 2019\/1937 und des Gesetzes 2\/2023 vom 20. Februar \u00fcber den Schutz von Personen, die Verst\u00f6\u00dfe gegen Rechtsvorschriften melden, sowie zur Korruptionsbek\u00e4mpfung, hat die SCHWEIZER SCHULE MADRID ein Hinweisgebersystem eingerichtet, das von einem externen Sachverst\u00e4ndigen verwaltet wird und alle Garantien und Anforderungen an die Kontrolle, die Verwaltung, [&hellip;]<\/p>\n","protected":false},"author":11,"featured_media":0,"parent":0,"menu_order":0,"comment_status":"closed","ping_status":"closed","template":"","meta":{"footnotes":""},"class_list":["post-28155","page","type-page","status-publish","hentry"],"yoast_head":"<!-- This site is optimized with the Yoast SEO plugin v27.4 - https:\/\/yoast.com\/product\/yoast-seo-wordpress\/ -->\n<title>HINWEISGEBERSYSTEM - Colegio Suizo de Madrid<\/title>\n<meta name=\"robots\" content=\"index, follow, max-snippet:-1, max-image-preview:large, max-video-preview:-1\" \/>\n<link rel=\"canonical\" href=\"https:\/\/colegiosuizomadrid.com\/de\/canal-de-denuncias\/\" \/>\n<meta property=\"og:locale\" content=\"de_DE\" \/>\n<meta property=\"og:type\" content=\"article\" \/>\n<meta property=\"og:title\" content=\"HINWEISGEBERSYSTEM - Colegio Suizo de Madrid\" \/>\n<meta property=\"og:description\" content=\"CANAL DE HINWEISGEBERSYSTEM Infolge der Umsetzung der europ\u00e4ischen Richtlinie 2019\/1937 und des Gesetzes 2\/2023 vom 20. Februar \u00fcber den Schutz von Personen, die Verst\u00f6\u00dfe gegen Rechtsvorschriften melden, sowie zur Korruptionsbek\u00e4mpfung, hat die SCHWEIZER SCHULE MADRID ein Hinweisgebersystem eingerichtet, das von einem externen Sachverst\u00e4ndigen verwaltet wird und alle Garantien und Anforderungen an die Kontrolle, die Verwaltung, [&hellip;]\" \/>\n<meta property=\"og:url\" content=\"https:\/\/colegiosuizomadrid.com\/de\/canal-de-denuncias\/\" \/>\n<meta property=\"og:site_name\" content=\"Colegio Suizo de Madrid\" \/>\n<meta property=\"article:modified_time\" content=\"2023-11-29T07:58:13+00:00\" \/>\n<meta name=\"twitter:card\" content=\"summary_large_image\" \/>\n<meta name=\"twitter:label1\" content=\"Gesch\u00e4tzte Lesezeit\" \/>\n\t<meta name=\"twitter:data1\" content=\"1\u00a0Minute\" \/>\n<script type=\"application\/ld+json\" class=\"yoast-schema-graph\">{\"@context\":\"https:\\\/\\\/schema.org\",\"@graph\":[{\"@type\":\"WebPage\",\"@id\":\"https:\\\/\\\/colegiosuizomadrid.com\\\/de\\\/canal-de-denuncias\\\/\",\"url\":\"https:\\\/\\\/colegiosuizomadrid.com\\\/de\\\/canal-de-denuncias\\\/\",\"name\":\"HINWEISGEBERSYSTEM - Colegio Suizo de Madrid\",\"isPartOf\":{\"@id\":\"https:\\\/\\\/colegiosuizomadrid.com\\\/#website\"},\"datePublished\":\"2023-11-27T18:58:00+00:00\",\"dateModified\":\"2023-11-29T07:58:13+00:00\",\"breadcrumb\":{\"@id\":\"https:\\\/\\\/colegiosuizomadrid.com\\\/de\\\/canal-de-denuncias\\\/#breadcrumb\"},\"inLanguage\":\"de\",\"potentialAction\":[{\"@type\":\"ReadAction\",\"target\":[\"https:\\\/\\\/colegiosuizomadrid.com\\\/de\\\/canal-de-denuncias\\\/\"]}]},{\"@type\":\"BreadcrumbList\",\"@id\":\"https:\\\/\\\/colegiosuizomadrid.com\\\/de\\\/canal-de-denuncias\\\/#breadcrumb\",\"itemListElement\":[{\"@type\":\"ListItem\",\"position\":1,\"name\":\"Portada\",\"item\":\"https:\\\/\\\/colegiosuizomadrid.com\\\/\"},{\"@type\":\"ListItem\",\"position\":2,\"name\":\"HINWEISGEBERSYSTEM\"}]},{\"@type\":\"WebSite\",\"@id\":\"https:\\\/\\\/colegiosuizomadrid.com\\\/#website\",\"url\":\"https:\\\/\\\/colegiosuizomadrid.com\\\/\",\"name\":\"Colegio Suizo de Madrid\",\"description\":\"\",\"publisher\":{\"@id\":\"https:\\\/\\\/colegiosuizomadrid.com\\\/#organization\"},\"potentialAction\":[{\"@type\":\"SearchAction\",\"target\":{\"@type\":\"EntryPoint\",\"urlTemplate\":\"https:\\\/\\\/colegiosuizomadrid.com\\\/?s={search_term_string}\"},\"query-input\":{\"@type\":\"PropertyValueSpecification\",\"valueRequired\":true,\"valueName\":\"search_term_string\"}}],\"inLanguage\":\"de\"},{\"@type\":\"Organization\",\"@id\":\"https:\\\/\\\/colegiosuizomadrid.com\\\/#organization\",\"name\":\"Colegio Suizo de Madrid\",\"url\":\"https:\\\/\\\/colegiosuizomadrid.com\\\/\",\"logo\":{\"@type\":\"ImageObject\",\"inLanguage\":\"de\",\"@id\":\"https:\\\/\\\/colegiosuizomadrid.com\\\/#\\\/schema\\\/logo\\\/image\\\/\",\"url\":\"https:\\\/\\\/colegiosuizomadrid.com\\\/beta\\\/wp-content\\\/uploads\\\/2020\\\/03\\\/Logo-50-Aniv-Colegio-Suizo-Madrid-1.png\",\"contentUrl\":\"https:\\\/\\\/colegiosuizomadrid.com\\\/beta\\\/wp-content\\\/uploads\\\/2020\\\/03\\\/Logo-50-Aniv-Colegio-Suizo-Madrid-1.png\",\"width\":300,\"height\":75,\"caption\":\"Colegio Suizo de Madrid\"},\"image\":{\"@id\":\"https:\\\/\\\/colegiosuizomadrid.com\\\/#\\\/schema\\\/logo\\\/image\\\/\"}}]}<\/script>\n<!-- \/ Yoast SEO plugin. -->","yoast_head_json":{"title":"HINWEISGEBERSYSTEM - Colegio Suizo de Madrid","robots":{"index":"index","follow":"follow","max-snippet":"max-snippet:-1","max-image-preview":"max-image-preview:large","max-video-preview":"max-video-preview:-1"},"canonical":"https:\/\/colegiosuizomadrid.com\/de\/canal-de-denuncias\/","og_locale":"de_DE","og_type":"article","og_title":"HINWEISGEBERSYSTEM - Colegio Suizo de Madrid","og_description":"CANAL DE HINWEISGEBERSYSTEM Infolge der Umsetzung der europ\u00e4ischen Richtlinie 2019\/1937 und des Gesetzes 2\/2023 vom 20. Februar \u00fcber den Schutz von Personen, die Verst\u00f6\u00dfe gegen Rechtsvorschriften melden, sowie zur Korruptionsbek\u00e4mpfung, hat die SCHWEIZER SCHULE MADRID ein Hinweisgebersystem eingerichtet, das von einem externen Sachverst\u00e4ndigen verwaltet wird und alle Garantien und Anforderungen an die Kontrolle, die Verwaltung, [&hellip;]","og_url":"https:\/\/colegiosuizomadrid.com\/de\/canal-de-denuncias\/","og_site_name":"Colegio Suizo de Madrid","article_modified_time":"2023-11-29T07:58:13+00:00","twitter_card":"summary_large_image","twitter_misc":{"Gesch\u00e4tzte Lesezeit":"1\u00a0Minute"},"schema":{"@context":"https:\/\/schema.org","@graph":[{"@type":"WebPage","@id":"https:\/\/colegiosuizomadrid.com\/de\/canal-de-denuncias\/","url":"https:\/\/colegiosuizomadrid.com\/de\/canal-de-denuncias\/","name":"HINWEISGEBERSYSTEM - Colegio Suizo de Madrid","isPartOf":{"@id":"https:\/\/colegiosuizomadrid.com\/#website"},"datePublished":"2023-11-27T18:58:00+00:00","dateModified":"2023-11-29T07:58:13+00:00","breadcrumb":{"@id":"https:\/\/colegiosuizomadrid.com\/de\/canal-de-denuncias\/#breadcrumb"},"inLanguage":"de","potentialAction":[{"@type":"ReadAction","target":["https:\/\/colegiosuizomadrid.com\/de\/canal-de-denuncias\/"]}]},{"@type":"BreadcrumbList","@id":"https:\/\/colegiosuizomadrid.com\/de\/canal-de-denuncias\/#breadcrumb","itemListElement":[{"@type":"ListItem","position":1,"name":"Portada","item":"https:\/\/colegiosuizomadrid.com\/"},{"@type":"ListItem","position":2,"name":"HINWEISGEBERSYSTEM"}]},{"@type":"WebSite","@id":"https:\/\/colegiosuizomadrid.com\/#website","url":"https:\/\/colegiosuizomadrid.com\/","name":"Colegio Suizo de Madrid","description":"","publisher":{"@id":"https:\/\/colegiosuizomadrid.com\/#organization"},"potentialAction":[{"@type":"SearchAction","target":{"@type":"EntryPoint","urlTemplate":"https:\/\/colegiosuizomadrid.com\/?s={search_term_string}"},"query-input":{"@type":"PropertyValueSpecification","valueRequired":true,"valueName":"search_term_string"}}],"inLanguage":"de"},{"@type":"Organization","@id":"https:\/\/colegiosuizomadrid.com\/#organization","name":"Colegio Suizo de Madrid","url":"https:\/\/colegiosuizomadrid.com\/","logo":{"@type":"ImageObject","inLanguage":"de","@id":"https:\/\/colegiosuizomadrid.com\/#\/schema\/logo\/image\/","url":"https:\/\/colegiosuizomadrid.com\/beta\/wp-content\/uploads\/2020\/03\/Logo-50-Aniv-Colegio-Suizo-Madrid-1.png","contentUrl":"https:\/\/colegiosuizomadrid.com\/beta\/wp-content\/uploads\/2020\/03\/Logo-50-Aniv-Colegio-Suizo-Madrid-1.png","width":300,"height":75,"caption":"Colegio Suizo de Madrid"},"image":{"@id":"https:\/\/colegiosuizomadrid.com\/#\/schema\/logo\/image\/"}}]}},"_links":{"self":[{"href":"https:\/\/colegiosuizomadrid.com\/de\/wp-json\/wp\/v2\/pages\/28155","targetHints":{"allow":["GET"]}}],"collection":[{"href":"https:\/\/colegiosuizomadrid.com\/de\/wp-json\/wp\/v2\/pages"}],"about":[{"href":"https:\/\/colegiosuizomadrid.com\/de\/wp-json\/wp\/v2\/types\/page"}],"author":[{"embeddable":true,"href":"https:\/\/colegiosuizomadrid.com\/de\/wp-json\/wp\/v2\/users\/11"}],"replies":[{"embeddable":true,"href":"https:\/\/colegiosuizomadrid.com\/de\/wp-json\/wp\/v2\/comments?post=28155"}],"version-history":[{"count":7,"href":"https:\/\/colegiosuizomadrid.com\/de\/wp-json\/wp\/v2\/pages\/28155\/revisions"}],"predecessor-version":[{"id":28162,"href":"https:\/\/colegiosuizomadrid.com\/de\/wp-json\/wp\/v2\/pages\/28155\/revisions\/28162"}],"wp:attachment":[{"href":"https:\/\/colegiosuizomadrid.com\/de\/wp-json\/wp\/v2\/media?parent=28155"}],"curies":[{"name":"wp","href":"https:\/\/api.w.org\/{rel}","templated":true}]}}