{"id":16508,"date":"2021-02-24T15:27:12","date_gmt":"2021-02-24T15:27:12","guid":{"rendered":"https:\/\/colegiosuizomadrid.com\/beta\/transporte\/"},"modified":"2024-02-07T13:28:36","modified_gmt":"2024-02-07T11:28:36","slug":"schultransport","status":"publish","type":"page","link":"https:\/\/colegiosuizomadrid.com\/de\/schultransport\/","title":{"rendered":"SCHULTRANSPORT"},"content":{"rendered":"\t\t<div data-elementor-type=\"wp-page\" data-elementor-id=\"16508\" class=\"elementor elementor-16508 elementor-1313\" data-elementor-post-type=\"page\">\n\t\t\t\t\t\t<section class=\"elementor-section elementor-top-section elementor-element elementor-element-ddfce93 elementor-section-height-min-height elementor-section-boxed elementor-section-height-default elementor-section-items-middle\" data-id=\"ddfce93\" data-element_type=\"section\" data-e-type=\"section\" data-settings=\"{&quot;background_background&quot;:&quot;classic&quot;}\">\n\t\t\t\t\t\t\t<div class=\"elementor-background-overlay\"><\/div>\n\t\t\t\t\t\t\t<div class=\"elementor-container elementor-column-gap-default\">\n\t\t\t\t\t<div class=\"elementor-column elementor-col-50 elementor-top-column elementor-element elementor-element-3a0f2e9\" data-id=\"3a0f2e9\" data-element_type=\"column\" data-e-type=\"column\" data-settings=\"{&quot;background_background&quot;:&quot;gradient&quot;}\">\n\t\t\t<div class=\"elementor-widget-wrap elementor-element-populated\">\n\t\t\t\t\t\t<div class=\"elementor-element elementor-element-85ad414 elementor-widget elementor-widget-heading\" data-id=\"85ad414\" data-element_type=\"widget\" data-e-type=\"widget\" data-widget_type=\"heading.default\">\n\t\t\t\t<div class=\"elementor-widget-container\">\n\t\t\t\t\t<h2 class=\"elementor-heading-title elementor-size-default\">SCHULTRANSPORT\n<\/h2>\t\t\t\t<\/div>\n\t\t\t\t<\/div>\n\t\t\t\t\t<\/div>\n\t\t<\/div>\n\t\t\t\t<div class=\"elementor-column elementor-col-50 elementor-top-column elementor-element elementor-element-8526d23\" data-id=\"8526d23\" data-element_type=\"column\" data-e-type=\"column\">\n\t\t\t<div class=\"elementor-widget-wrap\">\n\t\t\t\t\t\t\t<\/div>\n\t\t<\/div>\n\t\t\t\t\t<\/div>\n\t\t<\/section>\n\t\t\t\t<section class=\"elementor-section elementor-top-section elementor-element elementor-element-e3a18a8 elementor-section-boxed elementor-section-height-default elementor-section-height-default\" data-id=\"e3a18a8\" data-element_type=\"section\" data-e-type=\"section\">\n\t\t\t\t\t\t<div class=\"elementor-container elementor-column-gap-default\">\n\t\t\t\t\t<div class=\"elementor-column elementor-col-100 elementor-top-column elementor-element elementor-element-9f3a0c4\" data-id=\"9f3a0c4\" data-element_type=\"column\" data-e-type=\"column\">\n\t\t\t<div class=\"elementor-widget-wrap elementor-element-populated\">\n\t\t\t\t\t\t<div class=\"elementor-element elementor-element-d60ea95 elementor-widget elementor-widget-text-editor\" data-id=\"d60ea95\" data-element_type=\"widget\" data-e-type=\"widget\" data-widget_type=\"text-editor.default\">\n\t\t\t\t<div class=\"elementor-widget-container\">\n\t\t\t\t\t\t\t\t\t<p><span style=\"color: #ff0000;\"> SCHULALLTAG <\/span> \/ Schultransport<\/p>\t\t\t\t\t\t\t\t<\/div>\n\t\t\t\t<\/div>\n\t\t\t\t\t<\/div>\n\t\t<\/div>\n\t\t\t\t\t<\/div>\n\t\t<\/section>\n\t\t\t\t<section class=\"elementor-section elementor-top-section elementor-element elementor-element-089baf6 elementor-section-boxed elementor-section-height-default elementor-section-height-default\" data-id=\"089baf6\" data-element_type=\"section\" data-e-type=\"section\">\n\t\t\t\t\t\t<div class=\"elementor-container elementor-column-gap-default\">\n\t\t\t\t\t<div class=\"elementor-column elementor-col-50 elementor-top-column elementor-element elementor-element-9ded33f\" data-id=\"9ded33f\" data-element_type=\"column\" data-e-type=\"column\">\n\t\t\t<div class=\"elementor-widget-wrap elementor-element-populated\">\n\t\t\t\t\t\t<div class=\"elementor-element elementor-element-f2b3961 elementor-widget elementor-widget-text-editor\" data-id=\"f2b3961\" data-element_type=\"widget\" data-e-type=\"widget\" data-widget_type=\"text-editor.default\">\n\t\t\t\t<div class=\"elementor-widget-container\">\n\t\t\t\t\t\t\t\t\tSchultransport\n\t\t\t\t\t\t\t\t<\/div>\n\t\t\t\t<\/div>\n\t\t\t\t<div class=\"elementor-element elementor-element-a76c582 elementor-widget elementor-widget-text-editor\" data-id=\"a76c582\" data-element_type=\"widget\" data-e-type=\"widget\" data-widget_type=\"text-editor.default\">\n\t\t\t\t<div class=\"elementor-widget-container\">\n\t\t\t\t\t\t\t\t\t<p class=\"p1\"><span class=\"s1\"><b>Die Schule setzt auf Nachhaltigkeit<\/b><\/span>. Um Einzelfahrten zu reduzieren und den Familien den Transport zur Schule zu vereinfachen, arbeiten wir mit einem Busunternehmen mit Bussen, die allen Anforderungen in Sache Sicherheit und Qualit\u00e4t gerecht werden.<\/p><p class=\"p1\">Der Transportservice wird vom Unternehmen Hermanos Montoya erbracht. F\u00fcnf Buslinien erfassen die wichtigsten Bereiche Madrids. <span class=\"s2\">Qualifiziertes Aufsichtspersonal begleitet seit vielen Jahren unsere Sch\u00fclerinnen und Sch\u00fcler auf dem Transport.<\/span>F\u00fcr weiterf\u00fchrende Informationen k\u00f6nnen Sie sich an Elizabeth de\u00a0Gendre\u00a0unter der Rufnummer (+34) 687 229 561 wenden.\u00a0<\/p>\t\t\t\t\t\t\t\t<\/div>\n\t\t\t\t<\/div>\n\t\t\t\t\t<\/div>\n\t\t<\/div>\n\t\t\t\t<div class=\"elementor-column elementor-col-50 elementor-top-column elementor-element elementor-element-cc37a08\" data-id=\"cc37a08\" data-element_type=\"column\" data-e-type=\"column\">\n\t\t\t<div class=\"elementor-widget-wrap elementor-element-populated\">\n\t\t\t\t\t\t<div class=\"elementor-element elementor-element-5aa2f86 elementor-widget elementor-widget-image\" data-id=\"5aa2f86\" data-element_type=\"widget\" data-e-type=\"widget\" data-widget_type=\"image.default\">\n\t\t\t\t<div class=\"elementor-widget-container\">\n\t\t\t\t\t\t\t\t\t\t\t\t\t\t\t<img fetchpriority=\"high\" decoding=\"async\" width=\"735\" height=\"514\" src=\"https:\/\/colegiosuizomadrid.com\/beta\/wp-content\/uploads\/2021\/02\/transporte-escolar.jpg\" class=\"attachment-large size-large wp-image-16509\" alt=\"\" srcset=\"https:\/\/colegiosuizomadrid.com\/beta\/wp-content\/uploads\/2021\/02\/transporte-escolar.jpg 735w, https:\/\/colegiosuizomadrid.com\/beta\/wp-content\/uploads\/2021\/02\/transporte-escolar-600x420.jpg 600w, https:\/\/colegiosuizomadrid.com\/beta\/wp-content\/uploads\/2021\/02\/transporte-escolar-300x210.jpg 300w\" sizes=\"(max-width: 735px) 100vw, 735px\" \/>\t\t\t\t\t\t\t\t\t\t\t\t\t\t\t<\/div>\n\t\t\t\t<\/div>\n\t\t\t\t\t<\/div>\n\t\t<\/div>\n\t\t\t\t\t<\/div>\n\t\t<\/section>\n\t\t\t\t<\/div>\n\t\t","protected":false},"excerpt":{"rendered":"<p>SCHULTRANSPORT SCHULALLTAG \/ Schultransport Schultransport Die Schule setzt auf Nachhaltigkeit. Um Einzelfahrten zu reduzieren und den Familien den Transport zur Schule zu vereinfachen, arbeiten wir mit einem Busunternehmen mit Bussen, die allen Anforderungen in Sache Sicherheit und Qualit\u00e4t gerecht werden. Der Transportservice wird vom Unternehmen Hermanos Montoya erbracht. F\u00fcnf Buslinien erfassen die wichtigsten Bereiche Madrids. [&hellip;]<\/p>\n","protected":false},"author":1,"featured_media":0,"parent":0,"menu_order":0,"comment_status":"closed","ping_status":"closed","template":"","meta":{"footnotes":""},"class_list":["post-16508","page","type-page","status-publish","hentry"],"yoast_head":"<!-- This site is optimized with the Yoast SEO plugin v27.4 - https:\/\/yoast.com\/product\/yoast-seo-wordpress\/ -->\n<title>SCHULTRANSPORT - Colegio Suizo de Madrid<\/title>\n<meta name=\"robots\" content=\"index, follow, max-snippet:-1, max-image-preview:large, max-video-preview:-1\" \/>\n<link rel=\"canonical\" href=\"https:\/\/colegiosuizomadrid.com\/transporte\/\" \/>\n<meta property=\"og:locale\" content=\"de_DE\" \/>\n<meta property=\"og:type\" content=\"article\" \/>\n<meta property=\"og:title\" content=\"SCHULTRANSPORT - Colegio Suizo de Madrid\" \/>\n<meta property=\"og:description\" content=\"SCHULTRANSPORT SCHULALLTAG \/ Schultransport Schultransport Die Schule setzt auf Nachhaltigkeit. Um Einzelfahrten zu reduzieren und den Familien den Transport zur Schule zu vereinfachen, arbeiten wir mit einem Busunternehmen mit Bussen, die allen Anforderungen in Sache Sicherheit und Qualit\u00e4t gerecht werden. Der Transportservice wird vom Unternehmen Hermanos Montoya erbracht. F\u00fcnf Buslinien erfassen die wichtigsten Bereiche Madrids. [&hellip;]\" \/>\n<meta property=\"og:url\" content=\"https:\/\/colegiosuizomadrid.com\/transporte\/\" \/>\n<meta property=\"og:site_name\" content=\"Colegio Suizo de Madrid\" \/>\n<meta property=\"article:modified_time\" content=\"2024-02-07T11:28:36+00:00\" \/>\n<meta property=\"og:image\" content=\"https:\/\/colegiosuizomadrid.com\/beta\/wp-content\/uploads\/2021\/02\/transporte-escolar.jpg\" \/>\n<meta name=\"twitter:card\" content=\"summary_large_image\" \/>\n<meta name=\"twitter:label1\" content=\"Gesch\u00e4tzte Lesezeit\" \/>\n\t<meta name=\"twitter:data1\" content=\"1\u00a0Minute\" \/>\n<script type=\"application\/ld+json\" class=\"yoast-schema-graph\">{\"@context\":\"https:\\\/\\\/schema.org\",\"@graph\":[{\"@type\":\"WebPage\",\"@id\":\"https:\\\/\\\/colegiosuizomadrid.com\\\/transporte\\\/\",\"url\":\"https:\\\/\\\/colegiosuizomadrid.com\\\/transporte\\\/\",\"name\":\"SCHULTRANSPORT - Colegio Suizo de Madrid\",\"isPartOf\":{\"@id\":\"https:\\\/\\\/colegiosuizomadrid.com\\\/#website\"},\"primaryImageOfPage\":{\"@id\":\"https:\\\/\\\/colegiosuizomadrid.com\\\/transporte\\\/#primaryimage\"},\"image\":{\"@id\":\"https:\\\/\\\/colegiosuizomadrid.com\\\/transporte\\\/#primaryimage\"},\"thumbnailUrl\":\"https:\\\/\\\/colegiosuizomadrid.com\\\/beta\\\/wp-content\\\/uploads\\\/2021\\\/02\\\/transporte-escolar.jpg\",\"datePublished\":\"2021-02-24T15:27:12+00:00\",\"dateModified\":\"2024-02-07T11:28:36+00:00\",\"breadcrumb\":{\"@id\":\"https:\\\/\\\/colegiosuizomadrid.com\\\/transporte\\\/#breadcrumb\"},\"inLanguage\":\"de\",\"potentialAction\":[{\"@type\":\"ReadAction\",\"target\":[\"https:\\\/\\\/colegiosuizomadrid.com\\\/transporte\\\/\"]}]},{\"@type\":\"ImageObject\",\"inLanguage\":\"de\",\"@id\":\"https:\\\/\\\/colegiosuizomadrid.com\\\/transporte\\\/#primaryimage\",\"url\":\"https:\\\/\\\/colegiosuizomadrid.com\\\/beta\\\/wp-content\\\/uploads\\\/2021\\\/02\\\/transporte-escolar.jpg\",\"contentUrl\":\"https:\\\/\\\/colegiosuizomadrid.com\\\/beta\\\/wp-content\\\/uploads\\\/2021\\\/02\\\/transporte-escolar.jpg\"},{\"@type\":\"BreadcrumbList\",\"@id\":\"https:\\\/\\\/colegiosuizomadrid.com\\\/transporte\\\/#breadcrumb\",\"itemListElement\":[{\"@type\":\"ListItem\",\"position\":1,\"name\":\"Portada\",\"item\":\"https:\\\/\\\/colegiosuizomadrid.com\\\/\"},{\"@type\":\"ListItem\",\"position\":2,\"name\":\"SCHULTRANSPORT\"}]},{\"@type\":\"WebSite\",\"@id\":\"https:\\\/\\\/colegiosuizomadrid.com\\\/#website\",\"url\":\"https:\\\/\\\/colegiosuizomadrid.com\\\/\",\"name\":\"Colegio Suizo de Madrid\",\"description\":\"\",\"publisher\":{\"@id\":\"https:\\\/\\\/colegiosuizomadrid.com\\\/#organization\"},\"potentialAction\":[{\"@type\":\"SearchAction\",\"target\":{\"@type\":\"EntryPoint\",\"urlTemplate\":\"https:\\\/\\\/colegiosuizomadrid.com\\\/?s={search_term_string}\"},\"query-input\":{\"@type\":\"PropertyValueSpecification\",\"valueRequired\":true,\"valueName\":\"search_term_string\"}}],\"inLanguage\":\"de\"},{\"@type\":\"Organization\",\"@id\":\"https:\\\/\\\/colegiosuizomadrid.com\\\/#organization\",\"name\":\"Colegio Suizo de Madrid\",\"url\":\"https:\\\/\\\/colegiosuizomadrid.com\\\/\",\"logo\":{\"@type\":\"ImageObject\",\"inLanguage\":\"de\",\"@id\":\"https:\\\/\\\/colegiosuizomadrid.com\\\/#\\\/schema\\\/logo\\\/image\\\/\",\"url\":\"https:\\\/\\\/colegiosuizomadrid.com\\\/beta\\\/wp-content\\\/uploads\\\/2020\\\/03\\\/Logo-50-Aniv-Colegio-Suizo-Madrid-1.png\",\"contentUrl\":\"https:\\\/\\\/colegiosuizomadrid.com\\\/beta\\\/wp-content\\\/uploads\\\/2020\\\/03\\\/Logo-50-Aniv-Colegio-Suizo-Madrid-1.png\",\"width\":300,\"height\":75,\"caption\":\"Colegio Suizo de Madrid\"},\"image\":{\"@id\":\"https:\\\/\\\/colegiosuizomadrid.com\\\/#\\\/schema\\\/logo\\\/image\\\/\"}}]}<\/script>\n<!-- \/ Yoast SEO plugin. -->","yoast_head_json":{"title":"SCHULTRANSPORT - Colegio Suizo de Madrid","robots":{"index":"index","follow":"follow","max-snippet":"max-snippet:-1","max-image-preview":"max-image-preview:large","max-video-preview":"max-video-preview:-1"},"canonical":"https:\/\/colegiosuizomadrid.com\/transporte\/","og_locale":"de_DE","og_type":"article","og_title":"SCHULTRANSPORT - Colegio Suizo de Madrid","og_description":"SCHULTRANSPORT SCHULALLTAG \/ Schultransport Schultransport Die Schule setzt auf Nachhaltigkeit. Um Einzelfahrten zu reduzieren und den Familien den Transport zur Schule zu vereinfachen, arbeiten wir mit einem Busunternehmen mit Bussen, die allen Anforderungen in Sache Sicherheit und Qualit\u00e4t gerecht werden. Der Transportservice wird vom Unternehmen Hermanos Montoya erbracht. F\u00fcnf Buslinien erfassen die wichtigsten Bereiche Madrids. [&hellip;]","og_url":"https:\/\/colegiosuizomadrid.com\/transporte\/","og_site_name":"Colegio Suizo de Madrid","article_modified_time":"2024-02-07T11:28:36+00:00","og_image":[{"url":"https:\/\/colegiosuizomadrid.com\/beta\/wp-content\/uploads\/2021\/02\/transporte-escolar.jpg","type":"","width":"","height":""}],"twitter_card":"summary_large_image","twitter_misc":{"Gesch\u00e4tzte Lesezeit":"1\u00a0Minute"},"schema":{"@context":"https:\/\/schema.org","@graph":[{"@type":"WebPage","@id":"https:\/\/colegiosuizomadrid.com\/transporte\/","url":"https:\/\/colegiosuizomadrid.com\/transporte\/","name":"SCHULTRANSPORT - Colegio Suizo de Madrid","isPartOf":{"@id":"https:\/\/colegiosuizomadrid.com\/#website"},"primaryImageOfPage":{"@id":"https:\/\/colegiosuizomadrid.com\/transporte\/#primaryimage"},"image":{"@id":"https:\/\/colegiosuizomadrid.com\/transporte\/#primaryimage"},"thumbnailUrl":"https:\/\/colegiosuizomadrid.com\/beta\/wp-content\/uploads\/2021\/02\/transporte-escolar.jpg","datePublished":"2021-02-24T15:27:12+00:00","dateModified":"2024-02-07T11:28:36+00:00","breadcrumb":{"@id":"https:\/\/colegiosuizomadrid.com\/transporte\/#breadcrumb"},"inLanguage":"de","potentialAction":[{"@type":"ReadAction","target":["https:\/\/colegiosuizomadrid.com\/transporte\/"]}]},{"@type":"ImageObject","inLanguage":"de","@id":"https:\/\/colegiosuizomadrid.com\/transporte\/#primaryimage","url":"https:\/\/colegiosuizomadrid.com\/beta\/wp-content\/uploads\/2021\/02\/transporte-escolar.jpg","contentUrl":"https:\/\/colegiosuizomadrid.com\/beta\/wp-content\/uploads\/2021\/02\/transporte-escolar.jpg"},{"@type":"BreadcrumbList","@id":"https:\/\/colegiosuizomadrid.com\/transporte\/#breadcrumb","itemListElement":[{"@type":"ListItem","position":1,"name":"Portada","item":"https:\/\/colegiosuizomadrid.com\/"},{"@type":"ListItem","position":2,"name":"SCHULTRANSPORT"}]},{"@type":"WebSite","@id":"https:\/\/colegiosuizomadrid.com\/#website","url":"https:\/\/colegiosuizomadrid.com\/","name":"Colegio Suizo de Madrid","description":"","publisher":{"@id":"https:\/\/colegiosuizomadrid.com\/#organization"},"potentialAction":[{"@type":"SearchAction","target":{"@type":"EntryPoint","urlTemplate":"https:\/\/colegiosuizomadrid.com\/?s={search_term_string}"},"query-input":{"@type":"PropertyValueSpecification","valueRequired":true,"valueName":"search_term_string"}}],"inLanguage":"de"},{"@type":"Organization","@id":"https:\/\/colegiosuizomadrid.com\/#organization","name":"Colegio Suizo de Madrid","url":"https:\/\/colegiosuizomadrid.com\/","logo":{"@type":"ImageObject","inLanguage":"de","@id":"https:\/\/colegiosuizomadrid.com\/#\/schema\/logo\/image\/","url":"https:\/\/colegiosuizomadrid.com\/beta\/wp-content\/uploads\/2020\/03\/Logo-50-Aniv-Colegio-Suizo-Madrid-1.png","contentUrl":"https:\/\/colegiosuizomadrid.com\/beta\/wp-content\/uploads\/2020\/03\/Logo-50-Aniv-Colegio-Suizo-Madrid-1.png","width":300,"height":75,"caption":"Colegio Suizo de Madrid"},"image":{"@id":"https:\/\/colegiosuizomadrid.com\/#\/schema\/logo\/image\/"}}]}},"_links":{"self":[{"href":"https:\/\/colegiosuizomadrid.com\/de\/wp-json\/wp\/v2\/pages\/16508","targetHints":{"allow":["GET"]}}],"collection":[{"href":"https:\/\/colegiosuizomadrid.com\/de\/wp-json\/wp\/v2\/pages"}],"about":[{"href":"https:\/\/colegiosuizomadrid.com\/de\/wp-json\/wp\/v2\/types\/page"}],"author":[{"embeddable":true,"href":"https:\/\/colegiosuizomadrid.com\/de\/wp-json\/wp\/v2\/users\/1"}],"replies":[{"embeddable":true,"href":"https:\/\/colegiosuizomadrid.com\/de\/wp-json\/wp\/v2\/comments?post=16508"}],"version-history":[{"count":25,"href":"https:\/\/colegiosuizomadrid.com\/de\/wp-json\/wp\/v2\/pages\/16508\/revisions"}],"predecessor-version":[{"id":29150,"href":"https:\/\/colegiosuizomadrid.com\/de\/wp-json\/wp\/v2\/pages\/16508\/revisions\/29150"}],"wp:attachment":[{"href":"https:\/\/colegiosuizomadrid.com\/de\/wp-json\/wp\/v2\/media?parent=16508"}],"curies":[{"name":"wp","href":"https:\/\/api.w.org\/{rel}","templated":true}]}}