{"id":16222,"date":"2021-02-17T17:16:59","date_gmt":"2021-02-17T17:16:59","guid":{"rendered":"https:\/\/colegiosuizomadrid.com\/beta\/bienvenida-de-la-directora\/"},"modified":"2025-08-22T11:40:01","modified_gmt":"2025-08-22T09:40:01","slug":"begrussung-der-direktorin","status":"publish","type":"page","link":"https:\/\/colegiosuizomadrid.com\/de\/begrussung-der-direktorin\/","title":{"rendered":"BEGR\u00dcSSUNG DER DIREKTORIN"},"content":{"rendered":"\t\t<div data-elementor-type=\"wp-page\" data-elementor-id=\"16222\" class=\"elementor elementor-16222 elementor-886\" data-elementor-post-type=\"page\">\n\t\t\t\t\t\t<section class=\"elementor-section elementor-top-section elementor-element elementor-element-1e2545a elementor-section-height-min-height elementor-section-boxed elementor-section-height-default elementor-section-items-middle\" data-id=\"1e2545a\" data-element_type=\"section\" data-e-type=\"section\" data-settings=\"{&quot;background_background&quot;:&quot;classic&quot;}\">\n\t\t\t\t\t\t<div class=\"elementor-container elementor-column-gap-default\">\n\t\t\t\t\t<div class=\"elementor-column elementor-col-50 elementor-top-column elementor-element elementor-element-be63c27\" data-id=\"be63c27\" data-element_type=\"column\" data-e-type=\"column\">\n\t\t\t<div class=\"elementor-widget-wrap elementor-element-populated\">\n\t\t\t\t\t\t<div class=\"elementor-element elementor-element-ab297d0 elementor-widget elementor-widget-heading\" data-id=\"ab297d0\" data-element_type=\"widget\" data-e-type=\"widget\" data-widget_type=\"heading.default\">\n\t\t\t\t<div class=\"elementor-widget-container\">\n\t\t\t\t\t<h2 class=\"elementor-heading-title elementor-size-default\">BEGR\u00dcSSUNG DER DIREKTORIN\t<\/h2>\t\t\t\t<\/div>\n\t\t\t\t<\/div>\n\t\t\t\t\t<\/div>\n\t\t<\/div>\n\t\t\t\t<div class=\"elementor-column elementor-col-50 elementor-top-column elementor-element elementor-element-fb4cd38\" data-id=\"fb4cd38\" data-element_type=\"column\" data-e-type=\"column\">\n\t\t\t<div class=\"elementor-widget-wrap\">\n\t\t\t\t\t\t\t<\/div>\n\t\t<\/div>\n\t\t\t\t\t<\/div>\n\t\t<\/section>\n\t\t\t\t<section class=\"elementor-section elementor-top-section elementor-element elementor-element-b7691e4 elementor-section-boxed elementor-section-height-default elementor-section-height-default\" data-id=\"b7691e4\" data-element_type=\"section\" data-e-type=\"section\">\n\t\t\t\t\t\t<div class=\"elementor-container elementor-column-gap-default\">\n\t\t\t\t\t<div class=\"elementor-column elementor-col-100 elementor-top-column elementor-element elementor-element-c260eaa\" data-id=\"c260eaa\" data-element_type=\"column\" data-e-type=\"column\">\n\t\t\t<div class=\"elementor-widget-wrap elementor-element-populated\">\n\t\t\t\t\t\t<div class=\"elementor-element elementor-element-7b551a1 elementor-widget elementor-widget-text-editor\" data-id=\"7b551a1\" data-element_type=\"widget\" data-e-type=\"widget\" data-widget_type=\"text-editor.default\">\n\t\t\t\t<div class=\"elementor-widget-container\">\n\t\t\t\t\t\t\t\t\t<p><span style=\"color: #ff0000;\"> SCHULE <\/span> \/ Begr\u00fcssung der Direktorin<\/p>\t\t\t\t\t\t\t\t<\/div>\n\t\t\t\t<\/div>\n\t\t\t\t\t<\/div>\n\t\t<\/div>\n\t\t\t\t\t<\/div>\n\t\t<\/section>\n\t\t\t\t<section class=\"elementor-section elementor-top-section elementor-element elementor-element-13eacb5 elementor-section-boxed elementor-section-height-default elementor-section-height-default\" data-id=\"13eacb5\" data-element_type=\"section\" data-e-type=\"section\">\n\t\t\t\t\t\t<div class=\"elementor-container elementor-column-gap-default\">\n\t\t\t\t\t<div class=\"elementor-column elementor-col-50 elementor-top-column elementor-element elementor-element-82bfcbd\" data-id=\"82bfcbd\" data-element_type=\"column\" data-e-type=\"column\">\n\t\t\t<div class=\"elementor-widget-wrap elementor-element-populated\">\n\t\t\t\t\t\t<div class=\"elementor-element elementor-element-c78429b elementor-widget elementor-widget-heading\" data-id=\"c78429b\" data-element_type=\"widget\" data-e-type=\"widget\" data-widget_type=\"heading.default\">\n\t\t\t\t<div class=\"elementor-widget-container\">\n\t\t\t\t\t<h2 class=\"elementor-heading-title elementor-size-default\">Liebe Besucherinnen und Besucher\n<\/h2>\t\t\t\t<\/div>\n\t\t\t\t<\/div>\n\t\t\t\t<div class=\"elementor-element elementor-element-d8b0921 elementor-widget elementor-widget-text-editor\" data-id=\"d8b0921\" data-element_type=\"widget\" data-e-type=\"widget\" data-widget_type=\"text-editor.default\">\n\t\t\t\t<div class=\"elementor-widget-container\">\n\t\t\t\t\t\t\t\t\t<p>Seit mehr als 50 Jahren bildet das Colegio Suizo de Madrid kleine lernbegierige Kinder zu verantwortungsvollen jungen Erwachsenen aus. Unsere Lerninhalte sind dem Schweizer Lehrplan verpflichtet und motivieren unsere Sch\u00fclerinnen und Sch\u00fcler, ihr schulisches Wissen kontinuierlich zu verbessern. Wir f\u00f6rdern ihre pers\u00f6nlichen Kompetenzen, indem sie sich regelm\u00e4ssig reflektieren und ihre Pers\u00f6nlichkeit in einer konstruktiven Auseinandersetzung mit Mitsch\u00fclern und&nbsp; Lehrpersonen st\u00e4rken. Dabei sind uns die kognitiven Aspekte des Lernprozesses ebenso wichtig wie die sozialen und emotionalen. Die neugierigen Kinder sollen mit allen Sinnen lernen. Wir bereiten sie heute vor auf die komplexe Welt von morgen.<\/p>\n<p>Ich lade Sie herzlich ein, unser schulisches sowie ausserschulisches Angebot zu studieren. Besonderen Wert legen wir auf die mehrsprachige Ausbildung, die unsere Sch\u00fclerinnen und Sch\u00fcler optimal auf ein Universit\u00e4tsstudium im In- oder Ausland vorbereitet.<\/p>\n<p>Kommen Sie zu einem Rundgang auf unseren Campus in Alcobendas. Wir nehmen uns Zeit f\u00fcr Sie, denn wir wissen, dass die Schulwahl f\u00fcr Ihr Kind eine der wichtigsten Entscheidungen ist, die Sie zu treffen haben.<\/p>\n<p>Christina Urech.<\/p>\t\t\t\t\t\t\t\t<\/div>\n\t\t\t\t<\/div>\n\t\t\t\t\t<\/div>\n\t\t<\/div>\n\t\t\t\t<div class=\"elementor-column elementor-col-50 elementor-top-column elementor-element elementor-element-88baba3\" data-id=\"88baba3\" data-element_type=\"column\" data-e-type=\"column\">\n\t\t\t<div class=\"elementor-widget-wrap elementor-element-populated\">\n\t\t\t\t\t\t<div class=\"elementor-element elementor-element-caf252e elementor-widget elementor-widget-image\" data-id=\"caf252e\" data-element_type=\"widget\" data-e-type=\"widget\" data-widget_type=\"image.default\">\n\t\t\t\t<div class=\"elementor-widget-container\">\n\t\t\t\t\t\t\t\t\t\t\t\t\t\t\t<img fetchpriority=\"high\" decoding=\"async\" width=\"300\" height=\"300\" src=\"https:\/\/colegiosuizomadrid.com\/beta\/wp-content\/uploads\/2021\/12\/WhatsApp-Image-2021-12-09-at-10.24.13-300x300.jpeg\" class=\"attachment-medium size-medium wp-image-19754\" alt=\"Bienvenida de la directora\" srcset=\"https:\/\/colegiosuizomadrid.com\/beta\/wp-content\/uploads\/2021\/12\/WhatsApp-Image-2021-12-09-at-10.24.13-300x300.jpeg 300w, https:\/\/colegiosuizomadrid.com\/beta\/wp-content\/uploads\/2021\/12\/WhatsApp-Image-2021-12-09-at-10.24.13-100x100.jpeg 100w, https:\/\/colegiosuizomadrid.com\/beta\/wp-content\/uploads\/2021\/12\/WhatsApp-Image-2021-12-09-at-10.24.13-150x150.jpeg 150w, https:\/\/colegiosuizomadrid.com\/beta\/wp-content\/uploads\/2021\/12\/WhatsApp-Image-2021-12-09-at-10.24.13.jpeg 512w\" sizes=\"(max-width: 300px) 100vw, 300px\" \/>\t\t\t\t\t\t\t\t\t\t\t\t\t\t\t<\/div>\n\t\t\t\t<\/div>\n\t\t\t\t<div class=\"elementor-element elementor-element-fb22b39 elementor-widget elementor-widget-heading\" data-id=\"fb22b39\" data-element_type=\"widget\" data-e-type=\"widget\" data-widget_type=\"heading.default\">\n\t\t\t\t<div class=\"elementor-widget-container\">\n\t\t\t\t\t<h2 class=\"elementor-heading-title elementor-size-default\">Christina Urech<\/h2>\t\t\t\t<\/div>\n\t\t\t\t<\/div>\n\t\t\t\t<div class=\"elementor-element elementor-element-61d7a93 elementor-widget elementor-widget-text-editor\" data-id=\"61d7a93\" data-element_type=\"widget\" data-e-type=\"widget\" data-widget_type=\"text-editor.default\">\n\t\t\t\t<div class=\"elementor-widget-container\">\n\t\t\t\t\t\t\t\t\t<p>Direktorin CSM<\/p>\t\t\t\t\t\t\t\t<\/div>\n\t\t\t\t<\/div>\n\t\t\t\t\t<\/div>\n\t\t<\/div>\n\t\t\t\t\t<\/div>\n\t\t<\/section>\n\t\t\t\t<\/div>\n\t\t","protected":false},"excerpt":{"rendered":"<p>BEGR\u00dcSSUNG DER DIREKTORIN SCHULE \/ Begr\u00fcssung der Direktorin Liebe Besucherinnen und Besucher Seit mehr als 50 Jahren bildet das Colegio Suizo de Madrid kleine lernbegierige Kinder zu verantwortungsvollen jungen Erwachsenen aus. Unsere Lerninhalte sind dem Schweizer Lehrplan verpflichtet und motivieren unsere Sch\u00fclerinnen und Sch\u00fcler, ihr schulisches Wissen kontinuierlich zu verbessern. Wir f\u00f6rdern ihre pers\u00f6nlichen Kompetenzen, [&hellip;]<\/p>\n","protected":false},"author":1,"featured_media":0,"parent":0,"menu_order":0,"comment_status":"closed","ping_status":"closed","template":"","meta":{"footnotes":""},"class_list":["post-16222","page","type-page","status-publish","hentry"],"yoast_head":"<!-- This site is optimized with the Yoast SEO plugin v27.4 - https:\/\/yoast.com\/product\/yoast-seo-wordpress\/ -->\n<title>BEGR\u00dcSSUNG DER DIREKTORIN - Colegio Suizo de Madrid<\/title>\n<meta name=\"robots\" content=\"index, follow, max-snippet:-1, max-image-preview:large, max-video-preview:-1\" \/>\n<link rel=\"canonical\" href=\"https:\/\/colegiosuizomadrid.com\/de\/begrussung-der-direktorin\/\" \/>\n<meta property=\"og:locale\" content=\"de_DE\" \/>\n<meta property=\"og:type\" content=\"article\" \/>\n<meta property=\"og:title\" content=\"BEGR\u00dcSSUNG DER DIREKTORIN - Colegio Suizo de Madrid\" \/>\n<meta property=\"og:description\" content=\"BEGR\u00dcSSUNG DER DIREKTORIN SCHULE \/ Begr\u00fcssung der Direktorin Liebe Besucherinnen und Besucher Seit mehr als 50 Jahren bildet das Colegio Suizo de Madrid kleine lernbegierige Kinder zu verantwortungsvollen jungen Erwachsenen aus. Unsere Lerninhalte sind dem Schweizer Lehrplan verpflichtet und motivieren unsere Sch\u00fclerinnen und Sch\u00fcler, ihr schulisches Wissen kontinuierlich zu verbessern. Wir f\u00f6rdern ihre pers\u00f6nlichen Kompetenzen, [&hellip;]\" \/>\n<meta property=\"og:url\" content=\"https:\/\/colegiosuizomadrid.com\/de\/begrussung-der-direktorin\/\" \/>\n<meta property=\"og:site_name\" content=\"Colegio Suizo de Madrid\" \/>\n<meta property=\"article:modified_time\" content=\"2025-08-22T09:40:01+00:00\" \/>\n<meta property=\"og:image\" content=\"https:\/\/colegiosuizomadrid.com\/beta\/wp-content\/uploads\/2021\/12\/WhatsApp-Image-2021-12-09-at-10.24.13.jpeg\" \/>\n\t<meta property=\"og:image:width\" content=\"512\" \/>\n\t<meta property=\"og:image:height\" content=\"512\" \/>\n\t<meta property=\"og:image:type\" content=\"image\/jpeg\" \/>\n<meta name=\"twitter:card\" content=\"summary_large_image\" \/>\n<meta name=\"twitter:label1\" content=\"Gesch\u00e4tzte Lesezeit\" \/>\n\t<meta name=\"twitter:data1\" content=\"1\u00a0Minute\" \/>\n<script type=\"application\/ld+json\" class=\"yoast-schema-graph\">{\"@context\":\"https:\\\/\\\/schema.org\",\"@graph\":[{\"@type\":\"WebPage\",\"@id\":\"https:\\\/\\\/colegiosuizomadrid.com\\\/de\\\/begrussung-der-direktorin\\\/\",\"url\":\"https:\\\/\\\/colegiosuizomadrid.com\\\/de\\\/begrussung-der-direktorin\\\/\",\"name\":\"BEGR\u00dcSSUNG DER DIREKTORIN - Colegio Suizo de Madrid\",\"isPartOf\":{\"@id\":\"https:\\\/\\\/colegiosuizomadrid.com\\\/#website\"},\"primaryImageOfPage\":{\"@id\":\"https:\\\/\\\/colegiosuizomadrid.com\\\/de\\\/begrussung-der-direktorin\\\/#primaryimage\"},\"image\":{\"@id\":\"https:\\\/\\\/colegiosuizomadrid.com\\\/de\\\/begrussung-der-direktorin\\\/#primaryimage\"},\"thumbnailUrl\":\"https:\\\/\\\/colegiosuizomadrid.com\\\/beta\\\/wp-content\\\/uploads\\\/2021\\\/12\\\/WhatsApp-Image-2021-12-09-at-10.24.13-300x300.jpeg\",\"datePublished\":\"2021-02-17T17:16:59+00:00\",\"dateModified\":\"2025-08-22T09:40:01+00:00\",\"breadcrumb\":{\"@id\":\"https:\\\/\\\/colegiosuizomadrid.com\\\/de\\\/begrussung-der-direktorin\\\/#breadcrumb\"},\"inLanguage\":\"de\",\"potentialAction\":[{\"@type\":\"ReadAction\",\"target\":[\"https:\\\/\\\/colegiosuizomadrid.com\\\/de\\\/begrussung-der-direktorin\\\/\"]}]},{\"@type\":\"ImageObject\",\"inLanguage\":\"de\",\"@id\":\"https:\\\/\\\/colegiosuizomadrid.com\\\/de\\\/begrussung-der-direktorin\\\/#primaryimage\",\"url\":\"https:\\\/\\\/colegiosuizomadrid.com\\\/beta\\\/wp-content\\\/uploads\\\/2021\\\/12\\\/WhatsApp-Image-2021-12-09-at-10.24.13-300x300.jpeg\",\"contentUrl\":\"https:\\\/\\\/colegiosuizomadrid.com\\\/beta\\\/wp-content\\\/uploads\\\/2021\\\/12\\\/WhatsApp-Image-2021-12-09-at-10.24.13-300x300.jpeg\"},{\"@type\":\"BreadcrumbList\",\"@id\":\"https:\\\/\\\/colegiosuizomadrid.com\\\/de\\\/begrussung-der-direktorin\\\/#breadcrumb\",\"itemListElement\":[{\"@type\":\"ListItem\",\"position\":1,\"name\":\"Portada\",\"item\":\"https:\\\/\\\/colegiosuizomadrid.com\\\/\"},{\"@type\":\"ListItem\",\"position\":2,\"name\":\"BEGR\u00dcSSUNG DER DIREKTORIN\"}]},{\"@type\":\"WebSite\",\"@id\":\"https:\\\/\\\/colegiosuizomadrid.com\\\/#website\",\"url\":\"https:\\\/\\\/colegiosuizomadrid.com\\\/\",\"name\":\"Colegio Suizo de Madrid\",\"description\":\"\",\"publisher\":{\"@id\":\"https:\\\/\\\/colegiosuizomadrid.com\\\/#organization\"},\"potentialAction\":[{\"@type\":\"SearchAction\",\"target\":{\"@type\":\"EntryPoint\",\"urlTemplate\":\"https:\\\/\\\/colegiosuizomadrid.com\\\/?s={search_term_string}\"},\"query-input\":{\"@type\":\"PropertyValueSpecification\",\"valueRequired\":true,\"valueName\":\"search_term_string\"}}],\"inLanguage\":\"de\"},{\"@type\":\"Organization\",\"@id\":\"https:\\\/\\\/colegiosuizomadrid.com\\\/#organization\",\"name\":\"Colegio Suizo de Madrid\",\"url\":\"https:\\\/\\\/colegiosuizomadrid.com\\\/\",\"logo\":{\"@type\":\"ImageObject\",\"inLanguage\":\"de\",\"@id\":\"https:\\\/\\\/colegiosuizomadrid.com\\\/#\\\/schema\\\/logo\\\/image\\\/\",\"url\":\"https:\\\/\\\/colegiosuizomadrid.com\\\/beta\\\/wp-content\\\/uploads\\\/2020\\\/03\\\/Logo-50-Aniv-Colegio-Suizo-Madrid-1.png\",\"contentUrl\":\"https:\\\/\\\/colegiosuizomadrid.com\\\/beta\\\/wp-content\\\/uploads\\\/2020\\\/03\\\/Logo-50-Aniv-Colegio-Suizo-Madrid-1.png\",\"width\":300,\"height\":75,\"caption\":\"Colegio Suizo de Madrid\"},\"image\":{\"@id\":\"https:\\\/\\\/colegiosuizomadrid.com\\\/#\\\/schema\\\/logo\\\/image\\\/\"}}]}<\/script>\n<!-- \/ Yoast SEO plugin. -->","yoast_head_json":{"title":"BEGR\u00dcSSUNG DER DIREKTORIN - Colegio Suizo de Madrid","robots":{"index":"index","follow":"follow","max-snippet":"max-snippet:-1","max-image-preview":"max-image-preview:large","max-video-preview":"max-video-preview:-1"},"canonical":"https:\/\/colegiosuizomadrid.com\/de\/begrussung-der-direktorin\/","og_locale":"de_DE","og_type":"article","og_title":"BEGR\u00dcSSUNG DER DIREKTORIN - Colegio Suizo de Madrid","og_description":"BEGR\u00dcSSUNG DER DIREKTORIN SCHULE \/ Begr\u00fcssung der Direktorin Liebe Besucherinnen und Besucher Seit mehr als 50 Jahren bildet das Colegio Suizo de Madrid kleine lernbegierige Kinder zu verantwortungsvollen jungen Erwachsenen aus. Unsere Lerninhalte sind dem Schweizer Lehrplan verpflichtet und motivieren unsere Sch\u00fclerinnen und Sch\u00fcler, ihr schulisches Wissen kontinuierlich zu verbessern. Wir f\u00f6rdern ihre pers\u00f6nlichen Kompetenzen, [&hellip;]","og_url":"https:\/\/colegiosuizomadrid.com\/de\/begrussung-der-direktorin\/","og_site_name":"Colegio Suizo de Madrid","article_modified_time":"2025-08-22T09:40:01+00:00","og_image":[{"width":512,"height":512,"url":"https:\/\/colegiosuizomadrid.com\/beta\/wp-content\/uploads\/2021\/12\/WhatsApp-Image-2021-12-09-at-10.24.13.jpeg","type":"image\/jpeg"}],"twitter_card":"summary_large_image","twitter_misc":{"Gesch\u00e4tzte Lesezeit":"1\u00a0Minute"},"schema":{"@context":"https:\/\/schema.org","@graph":[{"@type":"WebPage","@id":"https:\/\/colegiosuizomadrid.com\/de\/begrussung-der-direktorin\/","url":"https:\/\/colegiosuizomadrid.com\/de\/begrussung-der-direktorin\/","name":"BEGR\u00dcSSUNG DER DIREKTORIN - Colegio Suizo de Madrid","isPartOf":{"@id":"https:\/\/colegiosuizomadrid.com\/#website"},"primaryImageOfPage":{"@id":"https:\/\/colegiosuizomadrid.com\/de\/begrussung-der-direktorin\/#primaryimage"},"image":{"@id":"https:\/\/colegiosuizomadrid.com\/de\/begrussung-der-direktorin\/#primaryimage"},"thumbnailUrl":"https:\/\/colegiosuizomadrid.com\/beta\/wp-content\/uploads\/2021\/12\/WhatsApp-Image-2021-12-09-at-10.24.13-300x300.jpeg","datePublished":"2021-02-17T17:16:59+00:00","dateModified":"2025-08-22T09:40:01+00:00","breadcrumb":{"@id":"https:\/\/colegiosuizomadrid.com\/de\/begrussung-der-direktorin\/#breadcrumb"},"inLanguage":"de","potentialAction":[{"@type":"ReadAction","target":["https:\/\/colegiosuizomadrid.com\/de\/begrussung-der-direktorin\/"]}]},{"@type":"ImageObject","inLanguage":"de","@id":"https:\/\/colegiosuizomadrid.com\/de\/begrussung-der-direktorin\/#primaryimage","url":"https:\/\/colegiosuizomadrid.com\/beta\/wp-content\/uploads\/2021\/12\/WhatsApp-Image-2021-12-09-at-10.24.13-300x300.jpeg","contentUrl":"https:\/\/colegiosuizomadrid.com\/beta\/wp-content\/uploads\/2021\/12\/WhatsApp-Image-2021-12-09-at-10.24.13-300x300.jpeg"},{"@type":"BreadcrumbList","@id":"https:\/\/colegiosuizomadrid.com\/de\/begrussung-der-direktorin\/#breadcrumb","itemListElement":[{"@type":"ListItem","position":1,"name":"Portada","item":"https:\/\/colegiosuizomadrid.com\/"},{"@type":"ListItem","position":2,"name":"BEGR\u00dcSSUNG DER DIREKTORIN"}]},{"@type":"WebSite","@id":"https:\/\/colegiosuizomadrid.com\/#website","url":"https:\/\/colegiosuizomadrid.com\/","name":"Colegio Suizo de Madrid","description":"","publisher":{"@id":"https:\/\/colegiosuizomadrid.com\/#organization"},"potentialAction":[{"@type":"SearchAction","target":{"@type":"EntryPoint","urlTemplate":"https:\/\/colegiosuizomadrid.com\/?s={search_term_string}"},"query-input":{"@type":"PropertyValueSpecification","valueRequired":true,"valueName":"search_term_string"}}],"inLanguage":"de"},{"@type":"Organization","@id":"https:\/\/colegiosuizomadrid.com\/#organization","name":"Colegio Suizo de Madrid","url":"https:\/\/colegiosuizomadrid.com\/","logo":{"@type":"ImageObject","inLanguage":"de","@id":"https:\/\/colegiosuizomadrid.com\/#\/schema\/logo\/image\/","url":"https:\/\/colegiosuizomadrid.com\/beta\/wp-content\/uploads\/2020\/03\/Logo-50-Aniv-Colegio-Suizo-Madrid-1.png","contentUrl":"https:\/\/colegiosuizomadrid.com\/beta\/wp-content\/uploads\/2020\/03\/Logo-50-Aniv-Colegio-Suizo-Madrid-1.png","width":300,"height":75,"caption":"Colegio Suizo de Madrid"},"image":{"@id":"https:\/\/colegiosuizomadrid.com\/#\/schema\/logo\/image\/"}}]}},"_links":{"self":[{"href":"https:\/\/colegiosuizomadrid.com\/de\/wp-json\/wp\/v2\/pages\/16222","targetHints":{"allow":["GET"]}}],"collection":[{"href":"https:\/\/colegiosuizomadrid.com\/de\/wp-json\/wp\/v2\/pages"}],"about":[{"href":"https:\/\/colegiosuizomadrid.com\/de\/wp-json\/wp\/v2\/types\/page"}],"author":[{"embeddable":true,"href":"https:\/\/colegiosuizomadrid.com\/de\/wp-json\/wp\/v2\/users\/1"}],"replies":[{"embeddable":true,"href":"https:\/\/colegiosuizomadrid.com\/de\/wp-json\/wp\/v2\/comments?post=16222"}],"version-history":[{"count":32,"href":"https:\/\/colegiosuizomadrid.com\/de\/wp-json\/wp\/v2\/pages\/16222\/revisions"}],"predecessor-version":[{"id":33179,"href":"https:\/\/colegiosuizomadrid.com\/de\/wp-json\/wp\/v2\/pages\/16222\/revisions\/33179"}],"wp:attachment":[{"href":"https:\/\/colegiosuizomadrid.com\/de\/wp-json\/wp\/v2\/media?parent=16222"}],"curies":[{"name":"wp","href":"https:\/\/api.w.org\/{rel}","templated":true}]}}